{"id":7065,"date":"2021-12-12T15:21:48","date_gmt":"2021-12-12T14:21:48","guid":{"rendered":"https:\/\/nadcom.pl\/?page_id=7065"},"modified":"2022-12-16T11:43:50","modified_gmt":"2022-12-16T10:43:50","slug":"kontakt","status":"publish","type":"page","link":"https:\/\/nadcom.pl\/?page_id=7065","title":{"rendered":"Kontakt"},"content":{"rendered":"\t\t<div data-elementor-type=\"wp-page\" data-elementor-id=\"7065\" class=\"elementor elementor-7065\">\n\t\t\t\t\t\t\t        <section class=\"elementor-section elementor-top-section elementor-element elementor-element-1ef182c3 elementor-section-stretched elementor-section-boxed elementor-section-height-default elementor-section-height-default ct-header-fixed-none ct-row-max-none\" data-id=\"1ef182c3\" data-element_type=\"section\" data-settings=\"{&quot;stretch_section&quot;:&quot;section-stretched&quot;,&quot;background_background&quot;:&quot;classic&quot;}\">\n                            <div class=\"elementor-background-overlay\"><\/div>\n                \n                        <div class=\"elementor-container elementor-column-gap-extended \">\n                    <div class=\"elementor-column elementor-col-100 elementor-top-column elementor-element elementor-element-035abad\" data-id=\"035abad\" data-element_type=\"column\">\n            <div class=\"elementor-widget-wrap elementor-element-populated\">\n                        \t\t<div class=\"elementor-element elementor-element-309dcf3 elementor-widget elementor-widget-image\" data-id=\"309dcf3\" data-element_type=\"widget\" data-widget_type=\"image.default\">\n\t\t\t\t<div class=\"elementor-widget-container\">\n\t\t\t<style>\/*! elementor - v3.9.1 - 14-12-2022 *\/\n.elementor-widget-image{text-align:center}.elementor-widget-image a{display:inline-block}.elementor-widget-image a img[src$=\".svg\"]{width:48px}.elementor-widget-image img{vertical-align:middle;display:inline-block}<\/style>\t\t\t\t\t\t\t\t\t\t\t\t<img decoding=\"async\" width=\"1512\" height=\"416\" src=\"https:\/\/nadcom.pl\/wp-content\/uploads\/2022\/03\/Przechwytywanie.png\" class=\"attachment-full size-full wp-image-7185\" alt=\"\" srcset=\"https:\/\/nadcom.pl\/wp-content\/uploads\/2022\/03\/Przechwytywanie.png 1512w, https:\/\/nadcom.pl\/wp-content\/uploads\/2022\/03\/Przechwytywanie-300x83.png 300w, https:\/\/nadcom.pl\/wp-content\/uploads\/2022\/03\/Przechwytywanie-1024x282.png 1024w, https:\/\/nadcom.pl\/wp-content\/uploads\/2022\/03\/Przechwytywanie-768x211.png 768w\" sizes=\"(max-width: 1512px) 100vw, 1512px\" \/>\t\t\t\t\t\t\t\t\t\t\t\t\t\t\t<\/div>\n\t\t\t\t<\/div>\n\t\t            <\/div>\n        <\/div>\n                            <\/div>\n        <\/section>\n                <section class=\"elementor-section elementor-top-section elementor-element elementor-element-7dd219e elementor-section-stretched elementor-section-boxed elementor-section-height-default elementor-section-height-default ct-header-fixed-none ct-row-max-none\" data-id=\"7dd219e\" data-element_type=\"section\" data-settings=\"{&quot;stretch_section&quot;:&quot;section-stretched&quot;,&quot;background_background&quot;:&quot;classic&quot;}\">\n                            <div class=\"elementor-background-overlay\"><\/div>\n                \n                        <div class=\"elementor-container elementor-column-gap-extended \">\n                    <div class=\"elementor-column elementor-col-100 elementor-top-column elementor-element elementor-element-56fd20a\" data-id=\"56fd20a\" data-element_type=\"column\">\n            <div class=\"elementor-widget-wrap elementor-element-populated\">\n                                <section class=\"elementor-section elementor-inner-section elementor-element elementor-element-cbe437c elementor-section-content-middle elementor-section-boxed elementor-section-height-default elementor-section-height-default ct-header-fixed-none ct-row-max-none\" data-id=\"cbe437c\" data-element_type=\"section\">\n            \n                        <div class=\"elementor-container elementor-column-gap-extended \">\n                    <div class=\"elementor-column elementor-col-50 elementor-inner-column elementor-element elementor-element-c82a9ca\" data-id=\"c82a9ca\" data-element_type=\"column\">\n            <div class=\"elementor-widget-wrap elementor-element-populated\">\n                        \t\t<div class=\"elementor-element elementor-element-783008f elementor-widget elementor-widget-ct_heading\" data-id=\"783008f\" data-element_type=\"widget\" data-widget_type=\"ct_heading.default\">\n\t\t\t\t<div class=\"elementor-widget-container\">\n\t\t\t<div id=\"ct_heading-783008f\" class=\"ct-heading h-align- sub- ct-heading-left item-st-line-left1\">\n\t<div class=\"ct-inline-css\"  data-css=\"\n        \">\n    <\/div>\n        <h3 class=\"item--title st-line-left1 wow wow fadeInLeft\" data-wow-delay=\"ms\">\n                <span class=\"sp-main\">\n                            <i><\/i>\n            \n            Skontaktuj si\u0119 z nami. Odpowiemy na wszystkie pytania.\n            \n                    <\/span>\n            <\/h3>\n<\/div>\t\t<\/div>\n\t\t\t\t<\/div>\n\t\t            <\/div>\n        <\/div>\n                <div class=\"elementor-column elementor-col-50 elementor-inner-column elementor-element elementor-element-5ee239d\" data-id=\"5ee239d\" data-element_type=\"column\">\n            <div class=\"elementor-widget-wrap elementor-element-populated\">\n                        \t\t<div class=\"elementor-element elementor-element-e8d7e79 wow fadeInRight elementor-widget elementor-widget-text-editor\" data-id=\"e8d7e79\" data-element_type=\"widget\" data-widget_type=\"text-editor.default\">\n\t\t\t\t<div class=\"elementor-widget-container\">\n\t\t\t<style>\/*! elementor - v3.9.1 - 14-12-2022 *\/\n.elementor-widget-text-editor.elementor-drop-cap-view-stacked .elementor-drop-cap{background-color:#818a91;color:#fff}.elementor-widget-text-editor.elementor-drop-cap-view-framed .elementor-drop-cap{color:#818a91;border:3px solid;background-color:transparent}.elementor-widget-text-editor:not(.elementor-drop-cap-view-default) .elementor-drop-cap{margin-top:8px}.elementor-widget-text-editor:not(.elementor-drop-cap-view-default) .elementor-drop-cap-letter{width:1em;height:1em}.elementor-widget-text-editor .elementor-drop-cap{float:left;text-align:center;line-height:1;font-size:50px}.elementor-widget-text-editor .elementor-drop-cap-letter{display:inline-block}<\/style>\t\t\t\t<p><span style=\"font-weight: 400;\">Grupa wsparcia technicznego, sk\u0142adaj\u0105ca si\u0119 z do\u015bwiadczonych ekspert\u00f3w z bran\u017cy bezpiecze\u0144stwa i IT, stara si\u0119 zapewni\u0107 naszym klientom jak najlepsze wra\u017cenia z obs\u0142ugi. Ich celem jest zapewnienie pe\u0142nej satysfakcji z posiadanych system\u00f3w oraz reagowanie na wszystkie pytania i w\u0105tpliwo\u015bci w spos\u00f3b szybki i profesjonalny. Aby si\u0119 z nami skontaktowa\u0107, u\u017cyj adresu e-mail lub numer\u00f3w telefon\u00f3w wy\u015bwietlanych obok.<\/span><\/p>\t\t\t\t\t\t<\/div>\n\t\t\t\t<\/div>\n\t\t            <\/div>\n        <\/div>\n                            <\/div>\n        <\/section>\n                <section class=\"elementor-section elementor-inner-section elementor-element elementor-element-7301518 elementor-section-boxed elementor-section-height-default elementor-section-height-default ct-header-fixed-none ct-row-max-none\" data-id=\"7301518\" data-element_type=\"section\">\n            \n                        <div class=\"elementor-container elementor-column-gap-extended \">\n                    <div class=\"elementor-column elementor-col-50 elementor-inner-column elementor-element elementor-element-d98a788\" data-id=\"d98a788\" data-element_type=\"column\">\n            <div class=\"elementor-widget-wrap elementor-element-populated\">\n                        \t\t<div class=\"elementor-element elementor-element-7ac63ba elementor-widget elementor-widget-ct_fancy_box\" data-id=\"7ac63ba\" data-element_type=\"widget\" data-widget_type=\"ct_fancy_box.default\">\n\t\t\t\t<div class=\"elementor-widget-container\">\n\t\t\t<div class=\"ct-fancy-box ct-fancy-box-layout3 style1 wow fadeInUp\" data-wow-delay=\"ms\">\n            <div class=\"item--icon\">\n            <i aria-hidden=\"true\" class=\"fas fa-map-marker-alt\"><\/i>        <\/div>\n            <div class=\"item--holder\">\n        <h3 class=\"item--title\">\n            Nasza siedziba:        <\/h3>\n        <div class=\"item--description\">Ul. Prosta 1. 98-113 Buczek<\/div>\n    <\/div>\n<\/div>\t\t<\/div>\n\t\t\t\t<\/div>\n\t\t\t\t<div class=\"elementor-element elementor-element-9819367 elementor-widget elementor-widget-ct_fancy_box\" data-id=\"9819367\" data-element_type=\"widget\" data-widget_type=\"ct_fancy_box.default\">\n\t\t\t\t<div class=\"elementor-widget-container\">\n\t\t\t<div class=\"ct-fancy-box ct-fancy-box-layout3 style1 wow fadeInUp\" data-wow-delay=\"ms\">\n            <div class=\"item--icon\">\n            <i aria-hidden=\"true\" class=\"fas fa-phone-alt\"><\/i>        <\/div>\n            <div class=\"item--holder\">\n        <h3 class=\"item--title\">\n            Telefon:        <\/h3>\n        <div class=\"item--description\">502 159 172<\/div>\n    <\/div>\n<\/div>\t\t<\/div>\n\t\t\t\t<\/div>\n\t\t\t\t<div class=\"elementor-element elementor-element-a0bade8 elementor-widget elementor-widget-ct_fancy_box\" data-id=\"a0bade8\" data-element_type=\"widget\" data-widget_type=\"ct_fancy_box.default\">\n\t\t\t\t<div class=\"elementor-widget-container\">\n\t\t\t<div class=\"ct-fancy-box ct-fancy-box-layout3 style1 wow fadeInUp\" data-wow-delay=\"ms\">\n            <div class=\"item--icon\">\n            <i aria-hidden=\"true\" class=\"fas fa-envelope\"><\/i>        <\/div>\n            <div class=\"item--holder\">\n        <h3 class=\"item--title\">\n            E-mail:        <\/h3>\n        <div class=\"item--description\">biuro@nadcom.pl<\/div>\n    <\/div>\n<\/div>\t\t<\/div>\n\t\t\t\t<\/div>\n\t\t            <\/div>\n        <\/div>\n                <div class=\"elementor-column elementor-col-50 elementor-inner-column elementor-element elementor-element-9b330b4\" data-id=\"9b330b4\" data-element_type=\"column\">\n            <div class=\"elementor-widget-wrap\">\n                                    <\/div>\n        <\/div>\n                            <\/div>\n        <\/section>\n                    <\/div>\n        <\/div>\n                            <\/div>\n        <\/section>\n                <section class=\"elementor-section elementor-top-section elementor-element elementor-element-dd756b3 elementor-section-stretched elementor-section-full_width elementor-section-height-default elementor-section-height-default ct-header-fixed-none ct-row-max-none\" data-id=\"dd756b3\" data-element_type=\"section\" data-settings=\"{&quot;stretch_section&quot;:&quot;section-stretched&quot;}\">\n            \n                        <div class=\"elementor-container elementor-column-gap-no \">\n                    <div class=\"elementor-column elementor-col-100 elementor-top-column elementor-element elementor-element-eda45db\" data-id=\"eda45db\" data-element_type=\"column\">\n            <div class=\"elementor-widget-wrap elementor-element-populated\">\n                        \t\t<div class=\"elementor-element elementor-element-2d29b35 elementor-widget elementor-widget-google_maps\" data-id=\"2d29b35\" data-element_type=\"widget\" data-widget_type=\"google_maps.default\">\n\t\t\t\t<div class=\"elementor-widget-container\">\n\t\t\t<style>\/*! elementor - v3.9.1 - 14-12-2022 *\/\n.elementor-widget-google_maps .elementor-widget-container{overflow:hidden}.elementor-widget-google_maps iframe{height:300px}<\/style>\t\t<div class=\"elementor-custom-embed\">\n\t\t\t<iframe frameborder=\"0\" scrolling=\"no\" marginheight=\"0\" marginwidth=\"0\"\n\t\t\t\t\tsrc=\"https:\/\/maps.google.com\/maps?q=nadcom%20buczek&#038;t=m&#038;z=10&#038;output=embed&#038;iwloc=near\"\n\t\t\t\t\ttitle=\"nadcom buczek\"\n\t\t\t\t\taria-label=\"nadcom buczek\"\n\t\t\t><\/iframe>\n\t\t<\/div>\n\t\t\t\t<\/div>\n\t\t\t\t<\/div>\n\t\t            <\/div>\n        <\/div>\n                            <\/div>\n        <\/section>\n        \t\t\t\t\t<\/div>\n\t\t","protected":false},"excerpt":{"rendered":"<p>Skontaktuj si\u0119 z nami. Odpowiemy na wszystkie pytania. Grupa wsparcia technicznego, sk\u0142adaj\u0105ca si\u0119 z do\u015bwiadczonych ekspert\u00f3w z bran\u017cy bezpiecze\u0144stwa i IT, stara si\u0119 zapewni\u0107 naszym klientom jak najlepsze wra\u017cenia z obs\u0142ugi. Ich celem jest zapewnienie pe\u0142nej satysfakcji z posiadanych system\u00f3w oraz reagowanie na wszystkie pytania i w\u0105tpliwo\u015bci w spos\u00f3b szybki i profesjonalny. Aby si\u0119 z [&hellip;]<\/p>\n","protected":false},"author":1,"featured_media":0,"parent":0,"menu_order":0,"comment_status":"closed","ping_status":"closed","template":"","meta":{"footnotes":""},"class_list":["post-7065","page","type-page","status-publish","hentry"],"_links":{"self":[{"href":"https:\/\/nadcom.pl\/index.php?rest_route=\/wp\/v2\/pages\/7065","targetHints":{"allow":["GET"]}}],"collection":[{"href":"https:\/\/nadcom.pl\/index.php?rest_route=\/wp\/v2\/pages"}],"about":[{"href":"https:\/\/nadcom.pl\/index.php?rest_route=\/wp\/v2\/types\/page"}],"author":[{"embeddable":true,"href":"https:\/\/nadcom.pl\/index.php?rest_route=\/wp\/v2\/users\/1"}],"replies":[{"embeddable":true,"href":"https:\/\/nadcom.pl\/index.php?rest_route=%2Fwp%2Fv2%2Fcomments&post=7065"}],"version-history":[{"count":13,"href":"https:\/\/nadcom.pl\/index.php?rest_route=\/wp\/v2\/pages\/7065\/revisions"}],"predecessor-version":[{"id":7226,"href":"https:\/\/nadcom.pl\/index.php?rest_route=\/wp\/v2\/pages\/7065\/revisions\/7226"}],"wp:attachment":[{"href":"https:\/\/nadcom.pl\/index.php?rest_route=%2Fwp%2Fv2%2Fmedia&parent=7065"}],"curies":[{"name":"wp","href":"https:\/\/api.w.org\/{rel}","templated":true}]}}