{"id":7012,"date":"2021-12-10T15:32:12","date_gmt":"2021-12-10T14:32:12","guid":{"rendered":"https:\/\/nadcom.pl\/?page_id=7012"},"modified":"2022-06-09T10:25:25","modified_gmt":"2022-06-09T08:25:25","slug":"o-nas","status":"publish","type":"page","link":"https:\/\/nadcom.pl\/?page_id=7012","title":{"rendered":"O nas"},"content":{"rendered":"\t\t<div data-elementor-type=\"wp-page\" data-elementor-id=\"7012\" class=\"elementor elementor-7012\">\n\t\t\t\t\t\t\t        <section class=\"elementor-section elementor-top-section elementor-element elementor-element-64fd72b8 elementor-section-boxed elementor-section-height-default elementor-section-height-default ct-header-fixed-none ct-row-max-none\" data-id=\"64fd72b8\" data-element_type=\"section\">\n            \n                        <div class=\"elementor-container elementor-column-gap-default \">\n                    <div class=\"elementor-column elementor-col-50 elementor-top-column elementor-element elementor-element-305603d7\" data-id=\"305603d7\" data-element_type=\"column\">\n            <div class=\"elementor-widget-wrap elementor-element-populated\">\n                        \t\t<div class=\"elementor-element elementor-element-9da93fe line-sub-preset2 elementor-widget elementor-widget-ct_heading\" data-id=\"9da93fe\" data-element_type=\"widget\" data-widget_type=\"ct_heading.default\">\n\t\t\t\t<div class=\"elementor-widget-container\">\n\t\t\t<div id=\"ct_heading-9da93fe\" class=\"ct-heading h-align- sub-style1 ct-heading-left item-st-default\">\n\t<div class=\"ct-inline-css\"  data-css=\"\n        \">\n    <\/div>\n    \t\t<div class=\"item--sub-title style1 show-line\">\n                        O nas                                            <\/div>\n\t    <h3 class=\"item--title st-default wow wow bounce\" data-wow-delay=\"ms\">\n                <span class=\"sp-main\">\n            \n            Robimy to co lubimy i potrafimy najlepiej.\n            \n                    <\/span>\n            <\/h3>\n<\/div>\t\t<\/div>\n\t\t\t\t<\/div>\n\t\t\t\t<div class=\"elementor-element elementor-element-398fa9be wow fadeInUp elementor-widget elementor-widget-text-editor\" data-id=\"398fa9be\" data-element_type=\"widget\" data-widget_type=\"text-editor.default\">\n\t\t\t\t<div class=\"elementor-widget-container\">\n\t\t\t<style>\/*! elementor - v3.9.1 - 14-12-2022 *\/\n.elementor-widget-text-editor.elementor-drop-cap-view-stacked .elementor-drop-cap{background-color:#818a91;color:#fff}.elementor-widget-text-editor.elementor-drop-cap-view-framed .elementor-drop-cap{color:#818a91;border:3px solid;background-color:transparent}.elementor-widget-text-editor:not(.elementor-drop-cap-view-default) .elementor-drop-cap{margin-top:8px}.elementor-widget-text-editor:not(.elementor-drop-cap-view-default) .elementor-drop-cap-letter{width:1em;height:1em}.elementor-widget-text-editor .elementor-drop-cap{float:left;text-align:center;line-height:1;font-size:50px}.elementor-widget-text-editor .elementor-drop-cap-letter{display:inline-block}<\/style>\t\t\t\t<p><span style=\"font-weight: 400;\">Od ponad 10 lat zajmujemy si\u0119 elektronicznymi systemami bezpiecze\u0144stwa po\u017carowego. Cenimy sobie jako\u015b\u0107, profesjonalizm oraz rzetelno\u015b\u0107 i tak chcemy by\u0107 postrzegani przez klient\u00f3w.\u00a0\u00a0<\/span><\/p><p><span style=\"font-weight: 400;\">G\u0142\u00f3wnym obszarem naszej dzia\u0142alno\u015bci jest dostarczenie Klientom z sektora B2B kompleksowych rozwi\u0105za\u0144 z zakresu elektronicznych system\u00f3w bezpiecze\u0144stwa po\u017carowego. Oferujemy kompleksowe us\u0142ugi obejmuj\u0105ce konsultacje i opracowywanie koncepcji, audyty i analizy zagro\u017cenia, ekspertyzy, scenariusze po\u017carowe, doradztwo, projekty, wykonawstwo, serwis i przegl\u0105dy.\u00a0<\/span><\/p><p><span style=\"font-weight: 400;\">Nasz zesp\u00f3\u0142 stanowi\u0105 do\u015bwiadczeni in\u017cynierowie elektronicy i informatycy, absolwenci Szko\u0142y G\u0142\u00f3wnej S\u0142u\u017cby Po\u017carnicze<\/span><span style=\"font-weight: 400;\">j oraz technicy<\/span><span style=\"font-weight: 400;\"> . Wsp\u00f3\u0142pracujemy z rzeczoznawcami ds. bezpiecze\u0144stwa po\u017carowego oraz specjalistami w ds. bezpiecze\u0144stwa technicznego w przestrzeniach zagro\u017conych wybuchem.<\/span><\/p><p><span style=\"font-weight: 400;\">Serdecznie zapraszamy do zapoznania si\u0119 z ofert\u0105 naszej firmy.<\/span><\/p>\t\t\t\t\t\t<\/div>\n\t\t\t\t<\/div>\n\t\t\t\t<div class=\"elementor-element elementor-element-78f3a28d elementor-widget elementor-widget-image\" data-id=\"78f3a28d\" data-element_type=\"widget\" data-widget_type=\"image.default\">\n\t\t\t\t<div class=\"elementor-widget-container\">\n\t\t\t<style>\/*! elementor - v3.9.1 - 14-12-2022 *\/\n.elementor-widget-image{text-align:center}.elementor-widget-image a{display:inline-block}.elementor-widget-image a img[src$=\".svg\"]{width:48px}.elementor-widget-image img{vertical-align:middle;display:inline-block}<\/style>\t\t\t\t\t\t\t\t\t\t\t\t<img decoding=\"async\" width=\"350\" height=\"1\" src=\"https:\/\/nadcom.pl\/wp-content\/uploads\/2019\/12\/about-gap.png\" class=\"attachment-full size-full wp-image-1896\" alt=\"\" srcset=\"https:\/\/nadcom.pl\/wp-content\/uploads\/2019\/12\/about-gap.png 350w, https:\/\/nadcom.pl\/wp-content\/uploads\/2019\/12\/about-gap-300x1.png 300w, https:\/\/nadcom.pl\/wp-content\/uploads\/2019\/12\/about-gap-150x1.png 150w\" sizes=\"(max-width: 350px) 100vw, 350px\" \/>\t\t\t\t\t\t\t\t\t\t\t\t\t\t\t<\/div>\n\t\t\t\t<\/div>\n\t\t            <\/div>\n        <\/div>\n                <div class=\"elementor-column elementor-col-50 elementor-top-column elementor-element elementor-element-1bb8bef0\" data-id=\"1bb8bef0\" data-element_type=\"column\">\n            <div class=\"elementor-widget-wrap elementor-element-populated\">\n                        \t\t<div class=\"elementor-element elementor-element-40e6861c wow fadeInRight elementor-widget elementor-widget-ct_banner\" data-id=\"40e6861c\" data-element_type=\"widget\" data-widget_type=\"ct_banner.default\">\n\t\t\t\t<div class=\"elementor-widget-container\">\n\t\t\t<div class=\"ct-banner1 \" data-wow-delay=\"ms\">\n\t<div class=\"ct-banner-imge\">\n    \t<img decoding=\"async\" width=\"302\" height=\"497\" src=\"https:\/\/nadcom.pl\/wp-content\/uploads\/2021\/12\/fotonad-1.png\" class=\"attachment-full size-full wp-image-7017\" alt=\"\" srcset=\"https:\/\/nadcom.pl\/wp-content\/uploads\/2021\/12\/fotonad-1.png 302w, https:\/\/nadcom.pl\/wp-content\/uploads\/2021\/12\/fotonad-1-182x300.png 182w\" sizes=\"(max-width: 302px) 100vw, 302px\" \/>        <h3 class=\"ct-banner-title\">Gwarancja NADCOM<\/h3>\n    <\/div>\n<\/div>\t\t<\/div>\n\t\t\t\t<\/div>\n\t\t            <\/div>\n        <\/div>\n                            <\/div>\n        <\/section>\n                <section class=\"elementor-section elementor-top-section elementor-element elementor-element-6f2ae4f elementor-section-boxed elementor-section-height-default elementor-section-height-default ct-header-fixed-none ct-row-max-none\" data-id=\"6f2ae4f\" data-element_type=\"section\">\n            \n                        <div class=\"elementor-container elementor-column-gap-default \">\n                    <div class=\"elementor-column elementor-col-100 elementor-top-column elementor-element elementor-element-cdd49b5\" data-id=\"cdd49b5\" data-element_type=\"column\">\n            <div class=\"elementor-widget-wrap elementor-element-populated\">\n                        \t\t<div class=\"elementor-element elementor-element-4952d7d line-sub-preset2 elementor-widget elementor-widget-ct_heading\" data-id=\"4952d7d\" data-element_type=\"widget\" data-widget_type=\"ct_heading.default\">\n\t\t\t\t<div class=\"elementor-widget-container\">\n\t\t\t<div id=\"ct_heading-4952d7d\" class=\"ct-heading h-align- sub-style1 ct-heading-left item-st-default\">\n\t<div class=\"ct-inline-css\"  data-css=\"\n        \">\n    <\/div>\n    \t\t<div class=\"item--sub-title style1 show-line\">\n                        Sprawdzeni partnerzy                                            <\/div>\n\t    <h3 class=\"item--title st-default wow wow bounce\" data-wow-delay=\"ms\">\n                <span class=\"sp-main\">\n            \n            Posiadamy certyfikaty i autoryzacj\u0119 renomowanych i sprawdzonych producent\u00f3w i dostawc\u00f3w rozwi\u0105za\u0144.\n            \n                    <\/span>\n            <\/h3>\n<\/div>\t\t<\/div>\n\t\t\t\t<\/div>\n\t\t\t\t<div class=\"elementor-element elementor-element-6ab90c8 elementor-widget elementor-widget-image\" data-id=\"6ab90c8\" data-element_type=\"widget\" data-widget_type=\"image.default\">\n\t\t\t\t<div class=\"elementor-widget-container\">\n\t\t\t\t\t\t\t\t\t\t\t\t\t\t\t<img decoding=\"async\" width=\"1444\" height=\"68\" src=\"https:\/\/nadcom.pl\/wp-content\/uploads\/2021\/12\/marki1.png\" class=\"attachment-full size-full wp-image-7024\" alt=\"\" srcset=\"https:\/\/nadcom.pl\/wp-content\/uploads\/2021\/12\/marki1.png 1444w, https:\/\/nadcom.pl\/wp-content\/uploads\/2021\/12\/marki1-300x14.png 300w, https:\/\/nadcom.pl\/wp-content\/uploads\/2021\/12\/marki1-1024x48.png 1024w, https:\/\/nadcom.pl\/wp-content\/uploads\/2021\/12\/marki1-768x36.png 768w\" sizes=\"(max-width: 1444px) 100vw, 1444px\" \/>\t\t\t\t\t\t\t\t\t\t\t\t\t\t\t<\/div>\n\t\t\t\t<\/div>\n\t\t\t\t<div class=\"elementor-element elementor-element-9b03972 elementor-widget elementor-widget-image\" data-id=\"9b03972\" data-element_type=\"widget\" data-widget_type=\"image.default\">\n\t\t\t\t<div class=\"elementor-widget-container\">\n\t\t\t\t\t\t\t\t\t\t\t\t\t\t\t<img decoding=\"async\" width=\"1695\" height=\"67\" src=\"https:\/\/nadcom.pl\/wp-content\/uploads\/2021\/12\/marki2.png\" class=\"attachment-full size-full wp-image-7025\" alt=\"\" srcset=\"https:\/\/nadcom.pl\/wp-content\/uploads\/2021\/12\/marki2.png 1695w, https:\/\/nadcom.pl\/wp-content\/uploads\/2021\/12\/marki2-300x12.png 300w, https:\/\/nadcom.pl\/wp-content\/uploads\/2021\/12\/marki2-1024x40.png 1024w, https:\/\/nadcom.pl\/wp-content\/uploads\/2021\/12\/marki2-768x30.png 768w, https:\/\/nadcom.pl\/wp-content\/uploads\/2021\/12\/marki2-1536x61.png 1536w\" sizes=\"(max-width: 1695px) 100vw, 1695px\" \/>\t\t\t\t\t\t\t\t\t\t\t\t\t\t\t<\/div>\n\t\t\t\t<\/div>\n\t\t\t\t<div class=\"elementor-element elementor-element-9618436 elementor-widget elementor-widget-image\" data-id=\"9618436\" data-element_type=\"widget\" data-widget_type=\"image.default\">\n\t\t\t\t<div class=\"elementor-widget-container\">\n\t\t\t\t\t\t\t\t\t\t\t\t\t\t\t<img decoding=\"async\" width=\"350\" height=\"1\" src=\"https:\/\/nadcom.pl\/wp-content\/uploads\/2019\/12\/about-gap.png\" class=\"attachment-full size-full wp-image-1896\" alt=\"\" srcset=\"https:\/\/nadcom.pl\/wp-content\/uploads\/2019\/12\/about-gap.png 350w, https:\/\/nadcom.pl\/wp-content\/uploads\/2019\/12\/about-gap-300x1.png 300w, https:\/\/nadcom.pl\/wp-content\/uploads\/2019\/12\/about-gap-150x1.png 150w\" sizes=\"(max-width: 350px) 100vw, 350px\" \/>\t\t\t\t\t\t\t\t\t\t\t\t\t\t\t<\/div>\n\t\t\t\t<\/div>\n\t\t            <\/div>\n        <\/div>\n                            <\/div>\n        <\/section>\n                <section class=\"elementor-section elementor-top-section elementor-element elementor-element-38f7332b elementor-section-boxed elementor-section-height-default elementor-section-height-default ct-header-fixed-none ct-row-max-none\" data-id=\"38f7332b\" data-element_type=\"section\">\n            \n                        <div class=\"elementor-container elementor-column-gap-extended \">\n                    <div class=\"elementor-column elementor-col-100 elementor-top-column elementor-element elementor-element-7dba3a7e\" data-id=\"7dba3a7e\" data-element_type=\"column\">\n            <div class=\"elementor-widget-wrap elementor-element-populated\">\n                                <section class=\"elementor-section elementor-inner-section elementor-element elementor-element-735a4111 elementor-section-content-middle elementor-section-boxed elementor-section-height-default elementor-section-height-default ct-header-fixed-none ct-row-max-none\" data-id=\"735a4111\" data-element_type=\"section\">\n            \n                        <div class=\"elementor-container elementor-column-gap-extended \">\n                    <div class=\"elementor-column elementor-col-50 elementor-inner-column elementor-element elementor-element-44317976\" data-id=\"44317976\" data-element_type=\"column\">\n            <div class=\"elementor-widget-wrap elementor-element-populated\">\n                        \t\t<div class=\"elementor-element elementor-element-e36d3ea line-sub-preset2 elementor-widget elementor-widget-ct_heading\" data-id=\"e36d3ea\" data-element_type=\"widget\" data-widget_type=\"ct_heading.default\">\n\t\t\t\t<div class=\"elementor-widget-container\">\n\t\t\t<div id=\"ct_heading-e36d3ea\" class=\"ct-heading h-align- sub-style1 ct-heading-left item-st-default\">\n\t<div class=\"ct-inline-css\"  data-css=\"\n        \">\n    <\/div>\n    \t\t<div class=\"item--sub-title style1 show-line\">\n                        Gwarancja NADCOM                                            <\/div>\n\t    <h3 class=\"item--title st-default wow wow fadeInLeft\" data-wow-delay=\"ms\">\n                <span class=\"sp-main\">\n            \n            Gwarantujemy najwy\u017csz\u0105 jako\u015b\u0107 \u015bwiadczonych us\u0142ug.\n            \n                    <\/span>\n            <\/h3>\n<\/div>\t\t<\/div>\n\t\t\t\t<\/div>\n\t\t            <\/div>\n        <\/div>\n                <div class=\"elementor-column elementor-col-50 elementor-inner-column elementor-element elementor-element-4edf15d2\" data-id=\"4edf15d2\" data-element_type=\"column\">\n            <div class=\"elementor-widget-wrap elementor-element-populated\">\n                        \t\t<div class=\"elementor-element elementor-element-54c181e1 wow fadeInRight elementor-widget elementor-widget-text-editor\" data-id=\"54c181e1\" data-element_type=\"widget\" data-widget_type=\"text-editor.default\">\n\t\t\t\t<div class=\"elementor-widget-container\">\n\t\t\t\t\t\t\t<p>Dla wygody Klient\u00f3w oferujemy infolini\u0119 dzia\u0142aj\u0105c\u0105 w trybie ca\u0142odobowym, a tak\u017ce indywidualnie ustalane czasy reakcji.<\/p>\t\t\t\t\t\t<\/div>\n\t\t\t\t<\/div>\n\t\t            <\/div>\n        <\/div>\n                            <\/div>\n        <\/section>\n                <section class=\"elementor-section elementor-inner-section elementor-element elementor-element-a76e972 elementor-section-boxed elementor-section-height-default elementor-section-height-default ct-header-fixed-none ct-row-max-none\" data-id=\"a76e972\" data-element_type=\"section\">\n            \n                        <div class=\"elementor-container elementor-column-gap-default \">\n                    <div class=\"elementor-column elementor-col-50 elementor-inner-column elementor-element elementor-element-041cf73\" data-id=\"041cf73\" data-element_type=\"column\">\n            <div class=\"elementor-widget-wrap elementor-element-populated\">\n                        \t\t<div class=\"elementor-element elementor-element-44c0d00 elementor-widget elementor-widget-image\" data-id=\"44c0d00\" data-element_type=\"widget\" data-widget_type=\"image.default\">\n\t\t\t\t<div class=\"elementor-widget-container\">\n\t\t\t\t\t\t\t\t\t\t\t\t\t\t\t<img decoding=\"async\" width=\"300\" height=\"300\" src=\"https:\/\/nadcom.pl\/wp-content\/uploads\/2021\/12\/technical-support-300x300.png\" class=\"attachment-medium size-medium wp-image-7023\" alt=\"\" srcset=\"https:\/\/nadcom.pl\/wp-content\/uploads\/2021\/12\/technical-support-300x300.png 300w, https:\/\/nadcom.pl\/wp-content\/uploads\/2021\/12\/technical-support-150x150.png 150w, https:\/\/nadcom.pl\/wp-content\/uploads\/2021\/12\/technical-support.png 512w\" sizes=\"(max-width: 300px) 100vw, 300px\" \/>\t\t\t\t\t\t\t\t\t\t\t\t\t\t\t<\/div>\n\t\t\t\t<\/div>\n\t\t            <\/div>\n        <\/div>\n                <div class=\"elementor-column elementor-col-50 elementor-inner-column elementor-element elementor-element-6705838\" data-id=\"6705838\" data-element_type=\"column\">\n            <div class=\"elementor-widget-wrap elementor-element-populated\">\n                        \t\t<div class=\"elementor-element elementor-element-2bee896 elementor-widget elementor-widget-text-editor\" data-id=\"2bee896\" data-element_type=\"widget\" data-widget_type=\"text-editor.default\">\n\t\t\t\t<div class=\"elementor-widget-container\">\n\t\t\t\t\t\t\t<p>Pomoc techniczna 24h<\/p>\t\t\t\t\t\t<\/div>\n\t\t\t\t<\/div>\n\t\t\t\t<div class=\"elementor-element elementor-element-82912dc elementor-widget elementor-widget-text-editor\" data-id=\"82912dc\" data-element_type=\"widget\" data-widget_type=\"text-editor.default\">\n\t\t\t\t<div class=\"elementor-widget-container\">\n\t\t\t\t\t\t\t<p>43 6774444<\/p><p>\u00a0<\/p>\t\t\t\t\t\t<\/div>\n\t\t\t\t<\/div>\n\t\t\t\t<div class=\"elementor-element elementor-element-1b45968 elementor-widget elementor-widget-text-editor\" data-id=\"1b45968\" data-element_type=\"widget\" data-widget_type=\"text-editor.default\">\n\t\t\t\t<div class=\"elementor-widget-container\">\n\t\t\t\t\t\t\t<p>serwis@nadcom.pl<\/p>\t\t\t\t\t\t<\/div>\n\t\t\t\t<\/div>\n\t\t\t\t<div class=\"elementor-element elementor-element-1ef6dc6 elementor-widget elementor-widget-wp-widget-custom_html\" data-id=\"1ef6dc6\" data-element_type=\"widget\" data-widget_type=\"wp-widget-custom_html.default\">\n\t\t\t\t<div class=\"elementor-widget-container\">\n\t\t\t<div class=\"textwidget custom-html-widget\"><p><a href=\"https:\/\/wizytowka.rzetelnafirma.pl\/UYALE71Z\" target=\"_blank\" rel=\"nofollow\"><img decoding=\"async\" style=\"border: none;margin-left: auto;margin-right: auto\" src=\"https:\/\/aktywnybaner.rzetelnafirma.pl\/ActiveBanner\/GetActiveBannerImage\/13\/UYALE71Z\" \/><\/a><\/p><\/div>\t\t<\/div>\n\t\t\t\t<\/div>\n\t\t            <\/div>\n        <\/div>\n                            <\/div>\n        <\/section>\n                    <\/div>\n        <\/div>\n                            <\/div>\n        <\/section>\n                <section class=\"elementor-section elementor-top-section elementor-element elementor-element-c752131 elementor-section-stretched elementor-section-full_width elementor-section-height-default elementor-section-height-default ct-header-fixed-none ct-row-max-none\" data-id=\"c752131\" data-element_type=\"section\" data-settings=\"{&quot;stretch_section&quot;:&quot;section-stretched&quot;,&quot;background_background&quot;:&quot;classic&quot;}\">\n            \n                        <div class=\"elementor-container elementor-column-gap-no \">\n                    <div class=\"elementor-column elementor-col-50 elementor-top-column elementor-element elementor-element-b425f4f\" data-id=\"b425f4f\" data-element_type=\"column\">\n            <div class=\"elementor-widget-wrap\">\n                                    <\/div>\n        <\/div>\n                <div class=\"elementor-column elementor-col-50 elementor-top-column elementor-element elementor-element-ce65c69 col-offset-right\" data-id=\"ce65c69\" data-element_type=\"column\" data-settings=\"{&quot;background_background&quot;:&quot;classic&quot;}\">\n            <div class=\"elementor-widget-wrap elementor-element-populated\">\n                    <div class=\"elementor-background-overlay\"><\/div>\n                        \t\t<div class=\"elementor-element elementor-element-7af3a6b elementor-widget elementor-widget-spacer\" data-id=\"7af3a6b\" data-element_type=\"widget\" data-widget_type=\"spacer.default\">\n\t\t\t\t<div class=\"elementor-widget-container\">\n\t\t\t<style>\/*! elementor - v3.9.1 - 14-12-2022 *\/\n.elementor-column .elementor-spacer-inner{height:var(--spacer-size)}.e-con{--container-widget-width:100%}.e-con-inner>.elementor-widget-spacer,.e-con>.elementor-widget-spacer{width:var(--container-widget-width,var(--spacer-size));--align-self:var(--container-widget-align-self,initial);--flex-shrink:0}.e-con-inner>.elementor-widget-spacer>.elementor-widget-container,.e-con-inner>.elementor-widget-spacer>.elementor-widget-container>.elementor-spacer,.e-con>.elementor-widget-spacer>.elementor-widget-container,.e-con>.elementor-widget-spacer>.elementor-widget-container>.elementor-spacer{height:100%}.e-con-inner>.elementor-widget-spacer>.elementor-widget-container>.elementor-spacer>.elementor-spacer-inner,.e-con>.elementor-widget-spacer>.elementor-widget-container>.elementor-spacer>.elementor-spacer-inner{height:var(--container-widget-height,var(--spacer-size))}<\/style>\t\t<div class=\"elementor-spacer\">\n\t\t\t<div class=\"elementor-spacer-inner\"><\/div>\n\t\t<\/div>\n\t\t\t\t<\/div>\n\t\t\t\t<\/div>\n\t\t\t\t<div class=\"elementor-element elementor-element-95f59e2 color-gradient-from elementor-widget elementor-widget-ct_text_editor\" data-id=\"95f59e2\" data-element_type=\"widget\" data-widget_type=\"ct_text_editor.default\">\n\t\t\t\t<div class=\"elementor-widget-container\">\n\t\t\t<div id=\"ct_text_editor-95f59e2\" class=\"ct-text-editor \" data-wow-delay=\"ms\">\n\t<div class=\"ct-inline-css\"  data-css=\"\n        \t\t\">\n\n    <\/div>\n\t<div class=\"ct-text-editor elementor-clearfix\">\n\t\t<p>Profesjonalizm i do\u015bwiadczenie<\/p>\t\t\n\t<\/div>\n<\/div>\t\t<\/div>\n\t\t\t\t<\/div>\n\t\t\t\t<div class=\"elementor-element elementor-element-9211325 elementor-widget elementor-widget-ct_heading\" data-id=\"9211325\" data-element_type=\"widget\" data-widget_type=\"ct_heading.default\">\n\t\t\t\t<div class=\"elementor-widget-container\">\n\t\t\t<div id=\"ct_heading-9211325\" class=\"ct-heading h-align- sub-style1 ct-heading-left item-st-default\">\n\t<div class=\"ct-inline-css\"  data-css=\"\n        \">\n    <\/div>\n        <h3 class=\"item--title st-default case-animate-time\" data-wow-delay=\"ms\">\n                <span class=\"sp-main\">\n            \n            WYBIERZ<br \/>\nM\u0104DRZE!\n            \n                    <\/span>\n            <\/h3>\n<\/div>\t\t<\/div>\n\t\t\t\t<\/div>\n\t\t\t\t<div class=\"elementor-element elementor-element-58fe444 elementor-widget elementor-widget-ct_text_editor\" data-id=\"58fe444\" data-element_type=\"widget\" data-widget_type=\"ct_text_editor.default\">\n\t\t\t\t<div class=\"elementor-widget-container\">\n\t\t\t<div id=\"ct_text_editor-58fe444\" class=\"ct-text-editor \" data-wow-delay=\"ms\">\n\t<div class=\"ct-inline-css\"  data-css=\"\n        \t\t\">\n\n    <\/div>\n\t<div class=\"ct-text-editor elementor-clearfix\">\n\t\t<p><span style=\"font-weight: 400\">Powierzenie wykonania projektu, instalacji czy przegl\u0105d\u00f3w system\u00f3w bezpiecze\u0144stwa po\u017carowego do\u015bwiadczonej i autoryzowanej firmie niesie za sob\u0105 wiele korzy\u015bci. Warto o tym pami\u0119ta\u0107.<\/span><\/p>\t\t\n\t<\/div>\n<\/div>\t\t<\/div>\n\t\t\t\t<\/div>\n\t\t\t\t<div class=\"elementor-element elementor-element-03068b7 elementor-align-left elementor-widget elementor-widget-ct_button\" data-id=\"03068b7\" data-element_type=\"widget\" data-widget_type=\"ct_button.default\">\n\t\t\t\t<div class=\"elementor-widget-container\">\n\t\t\t<div id=\"ct_button-03068b7\" class=\"ct-button-wrapper ct-button-layout1 icon-right btn--inline \">\n    <div class=\"ct-inline-css\"  data-css=\"\n        \">\n    <\/div>\n            <span class=\"ct-icon-active\"><\/span>\n        <a href=\"https:\/\/demo.casethemes.net\/consultio\/contact\/\" class=\"btn btn-default icon-active btn-inline-block  \" data-wow-delay=\"ms\">\n                            <span class=\"ct-button-icon ct-align-icon-right\">\n                <i aria-hidden=\"true\" class=\"fas fa-angle-right\"><\/i>            <\/span>\n                <span class=\"ct-button-text\">Skontaktuj si\u0119<\/span>\n    <\/a>\n<\/div>\t\t<\/div>\n\t\t\t\t<\/div>\n\t\t\t\t<div class=\"elementor-element elementor-element-202a22e elementor-widget elementor-widget-spacer\" data-id=\"202a22e\" data-element_type=\"widget\" data-widget_type=\"spacer.default\">\n\t\t\t\t<div class=\"elementor-widget-container\">\n\t\t\t\t\t<div class=\"elementor-spacer\">\n\t\t\t<div class=\"elementor-spacer-inner\"><\/div>\n\t\t<\/div>\n\t\t\t\t<\/div>\n\t\t\t\t<\/div>\n\t\t            <\/div>\n        <\/div>\n                            <\/div>\n        <\/section>\n        \t\t\t\t\t<\/div>\n\t\t","protected":false},"excerpt":{"rendered":"<p>O nas Robimy to co lubimy i potrafimy najlepiej. Od ponad 10 lat zajmujemy si\u0119 elektronicznymi systemami bezpiecze\u0144stwa po\u017carowego. Cenimy sobie jako\u015b\u0107, profesjonalizm oraz rzetelno\u015b\u0107 i tak chcemy by\u0107 postrzegani przez klient\u00f3w.\u00a0\u00a0 G\u0142\u00f3wnym obszarem naszej dzia\u0142alno\u015bci jest dostarczenie Klientom z sektora B2B kompleksowych rozwi\u0105za\u0144 z zakresu elektronicznych system\u00f3w bezpiecze\u0144stwa po\u017carowego. Oferujemy kompleksowe us\u0142ugi obejmuj\u0105ce konsultacje [&hellip;]<\/p>\n","protected":false},"author":1,"featured_media":0,"parent":0,"menu_order":0,"comment_status":"closed","ping_status":"closed","template":"","meta":{"footnotes":""},"class_list":["post-7012","page","type-page","status-publish","hentry"],"_links":{"self":[{"href":"https:\/\/nadcom.pl\/index.php?rest_route=\/wp\/v2\/pages\/7012","targetHints":{"allow":["GET"]}}],"collection":[{"href":"https:\/\/nadcom.pl\/index.php?rest_route=\/wp\/v2\/pages"}],"about":[{"href":"https:\/\/nadcom.pl\/index.php?rest_route=\/wp\/v2\/types\/page"}],"author":[{"embeddable":true,"href":"https:\/\/nadcom.pl\/index.php?rest_route=\/wp\/v2\/users\/1"}],"replies":[{"embeddable":true,"href":"https:\/\/nadcom.pl\/index.php?rest_route=%2Fwp%2Fv2%2Fcomments&post=7012"}],"version-history":[{"count":13,"href":"https:\/\/nadcom.pl\/index.php?rest_route=\/wp\/v2\/pages\/7012\/revisions"}],"predecessor-version":[{"id":7211,"href":"https:\/\/nadcom.pl\/index.php?rest_route=\/wp\/v2\/pages\/7012\/revisions\/7211"}],"wp:attachment":[{"href":"https:\/\/nadcom.pl\/index.php?rest_route=%2Fwp%2Fv2%2Fmedia&parent=7012"}],"curies":[{"name":"wp","href":"https:\/\/api.w.org\/{rel}","templated":true}]}}